{"id":200,"date":"2025-08-15T09:45:50","date_gmt":"2025-08-15T07:45:50","guid":{"rendered":"https:\/\/antigewalt-ausbildung.de\/?page_id=200"},"modified":"2025-09-01T09:00:17","modified_gmt":"2025-09-01T07:00:17","slug":"impressum","status":"publish","type":"page","link":"https:\/\/antigewalt-ausbildung.de\/index.php\/impressum\/","title":{"rendered":"Impressum"},"content":{"rendered":"\n<div class=\"wp-block-group has-global-padding is-layout-constrained wp-block-group-is-layout-constrained\">\n<div class=\"wp-block-columns is-layout-flex wp-container-core-columns-is-layout-28f84493 wp-block-columns-is-layout-flex\">\n<div class=\"wp-block-column is-layout-flow wp-block-column-is-layout-flow\" style=\"flex-basis:66.66%\">\n<p class=\"has-gilroy-font-family\" style=\"font-size:clamp(18.959px, 1.185rem + ((1vw - 3.2px) * 1.15), 30px);\">Angaben gem\u00e4\u00df \u00a7 5 TMG<br><\/p>\n\n\n\n<p class=\"has-accent-color has-text-color has-link-color has-roboto-font-family wp-elements-14e271138e5e24981520dbb91e7fb1e3\" style=\"font-size:clamp(14px, 0.875rem + ((1vw - 3.2px) * 0.417), 18px);\">Schlafhorst<\/p>\n\n\n\n<p class=\"has-accent-color has-text-color has-link-color has-roboto-font-family wp-elements-53f7b57b174e00577fcb8c6bb3cbc77c\" style=\"font-size:clamp(14px, 0.875rem + ((1vw - 3.2px) * 0.417), 18px);\">Hombrucher Str. 41<\/p>\n\n\n\n<p class=\"has-accent-color has-text-color has-link-color wp-elements-190c86b9a83be62777edcdd12a832af2\">44225 Dortmund<\/p>\n\n\n\n<p class=\"has-accent-color has-text-color has-link-color wp-elements-6432d35ef6713f5f855817b2f966fc4e\">Vertreten durch:<br>Holger Schlafhorst<\/p>\n<\/div>\n\n\n\n<div class=\"wp-block-column is-layout-flow wp-block-column-is-layout-flow\" style=\"flex-basis:33.33%\"><\/div>\n<\/div>\n<\/div>\n\n\n\n<p class=\"has-large-font-size\">Kontakt<\/p>\n\n\n\n<p class=\"has-accent-color has-text-color has-link-color wp-elements-50c6a975097ca04c42807aff671ffe02\">Telefon: +49 172 4047803<br>E-Mail: info@holger-schlafhorst.de<\/p>\n\n\n\n<p class=\"has-large-font-size\">Umsatzsteuer<\/p>\n\n\n\n<p class=\"has-accent-color has-text-color has-link-color wp-elements-0e468c0c0b5a67557a28717c0e910f26\">Umsatzsteuer-Identifikationsnummer gem\u00e4\u00df \u00a727 a Umsatzsteuergesetz:<br>DE 234 318 782<\/p>\n\n\n\n<p class=\"has-accent-color has-text-color has-link-color wp-elements-e3e6ecbf1d0858ade147d404e6935791\">Streitschlichtung: Die Europ\u00e4ische Kommission stellt eine Plattform zur Online-Streitbeilegung (OS) bereit:<br><a href=\"https:\/\/consumer-redress.ec.europa.eu\/index_de\" target=\"_blank\" rel=\"noreferrer noopener\">Online-Streitbeilegung<\/a><br>Unsere E-Mail-Adresse finden Sie oben im Impressum.<\/p>\n\n\n\n<p class=\"has-accent-color has-text-color has-link-color wp-elements-816dc747e4b73a366ae75c25c42c0add\">Wir sind nicht bereit oder verpflichtet, an Streitbeilegungsverfahren vor einer<br>Verbraucherschlichtungsstelle teilzunehmen.<\/p>\n\n\n\n<p class=\"has-large-font-size\">Haftung fu\u0308r Inhalte<\/p>\n\n\n\n<p class=\"has-accent-color has-text-color has-link-color wp-elements-84ff6f5cb40925b6b195bb3454c2c1a1\">Als Diensteanbieter sind wir gem\u00e4\u00df \u00a7 7 Abs.1 TMG fu\u0308r eigene Inhalte auf diesen Seiten nach den allgemeinen Gesetzen verantwortlich. Nach \u00a7\u00a7 8 bis 10 TMG sind wir als Diensteanbieter jedoch nicht verpflichtet, u\u0308bermittelte oder gespeicherte fremde Informationen zu u\u0308berwachen oder nach Umst\u00e4nden zu forschen, die auf eine rechtswidrige T\u00e4tigkeit hinweisen.<br>Verpflichtungen zur Entfernung oder Sperrung der Nutzung von Informationen nach den allgemeinen Gesetzen bleiben hiervon unberu\u0308hrt. Eine diesbezu\u0308gliche Haftung ist jedoch erst ab dem Zeitpunkt der Kenntnis einer konkreten Rechtsverletzung m\u00f6glich. Bei Bekanntwerden von entsprechenden Rechtsverletzungen werden wir diese Inhalte umgehend entfernen.<br>Haftung fu\u0308r Links Unser Angebot enth\u00e4lt Links zu externen Webseiten Dritter, auf deren Inhalte wir keinen Einfluss haben. Deshalb k\u00f6nnen wir fu\u0308r diese fremden Inhalte auch keine Gew\u00e4hr u\u0308bernehmen. Fu\u0308r die Inhalte der verlinkten Seiten ist stets der jeweilige Anbieter oder Betreiber der Seiten verantwortlich. Die verlinkten Seiten wurden zum Zeitpunkt der Verlinkung auf m\u00f6gliche Rechtsverst\u00f6\u00dfe u\u0308berpru\u0308ft. Rechtswidrige Inhalte waren zum Zeitpunkt der Verlinkung nicht erkennbar. Eine permanente inhaltliche Kontrolle der verlinkten Seiten ist jedoch ohne konkrete Anhaltspunkte einer Rechtsverletzung nicht zumutbar. Bei Bekanntwerden von Rechtsverletzungen werden wir derartige Links umgehend entfernen.<\/p>\n\n\n\n<p class=\"has-large-font-size\">Urheberrecht<\/p>\n\n\n\n<p class=\"has-accent-color has-text-color has-link-color wp-elements-c381346370b7e623f930c800d6b749c2\">Die durch die Seitenbetreiber erstellten Inhalte und Werke auf diesen Seiten unterliegen dem deutschen Urheberrecht. Die Vervielf\u00e4ltigung, Bearbeitung, Verbreitung und jede Art der Verwertung au\u00dferhalb der Grenzen des Urheberrechtes bedu\u0308rfen der schriftlichen Zustimmung des jeweiligen Autors bzw. Erstellers. Downloads und Kopien dieser Seite sind nur fu\u0308r den privaten, nicht kommerziellen Gebrauch gestattet.<\/p>\n\n\n\n<p class=\"has-accent-color has-text-color has-link-color wp-elements-0aa82a916b15cf43d60e93668484c9bc\">Soweit die Inhalte auf dieser Seite nicht vom Betreiber erstellt wurden, werden die Urheberrechte Dritter beachtet. Insbesondere werden Inhalte Dritter als solche gekennzeichnet. Sollten Sie trotzdem auf eine Urheberrechtsverletzung aufmerksam werden, bitten wir um einen entsprechenden Hinweis. Bei Bekanntwerden von Rechtsverletzungen werden wir derartige Inhalte umgehend entfernen.<\/p>\n\n\n\n<p class=\"has-accent-color has-text-color has-link-color wp-elements-18a82101a8860dbf230342740107c386\">Quelle: https:\/\/www.e-recht24.de\/impressum-generator.html<\/p>\n","protected":false},"excerpt":{"rendered":"<p>Angaben gem\u00e4\u00df \u00a7 5 TMG Schlafhorst Hombrucher Str. 41 44225 Dortmund Vertreten durch:Holger Schlafhorst Kontakt Telefon: +49 172 4047803E-Mail: info@holger-schlafhorst.de Umsatzsteuer Umsatzsteuer-Identifikationsnummer gem\u00e4\u00df \u00a727 a Umsatzsteuergesetz:DE 234 318 782 Streitschlichtung: Die Europ\u00e4ische Kommission stellt eine Plattform zur Online-Streitbeilegung (OS) bereit:Online-StreitbeilegungUnsere E-Mail-Adresse finden Sie oben im Impressum. Wir sind nicht bereit oder verpflichtet, an Streitbeilegungsverfahren vor [&hellip;]<\/p>\n","protected":false},"author":1,"featured_media":0,"parent":0,"menu_order":0,"comment_status":"closed","ping_status":"closed","template":"","meta":{"footnotes":""},"class_list":["post-200","page","type-page","status-publish","hentry"],"_links":{"self":[{"href":"https:\/\/antigewalt-ausbildung.de\/index.php\/wp-json\/wp\/v2\/pages\/200","targetHints":{"allow":["GET"]}}],"collection":[{"href":"https:\/\/antigewalt-ausbildung.de\/index.php\/wp-json\/wp\/v2\/pages"}],"about":[{"href":"https:\/\/antigewalt-ausbildung.de\/index.php\/wp-json\/wp\/v2\/types\/page"}],"author":[{"embeddable":true,"href":"https:\/\/antigewalt-ausbildung.de\/index.php\/wp-json\/wp\/v2\/users\/1"}],"replies":[{"embeddable":true,"href":"https:\/\/antigewalt-ausbildung.de\/index.php\/wp-json\/wp\/v2\/comments?post=200"}],"version-history":[{"count":5,"href":"https:\/\/antigewalt-ausbildung.de\/index.php\/wp-json\/wp\/v2\/pages\/200\/revisions"}],"predecessor-version":[{"id":594,"href":"https:\/\/antigewalt-ausbildung.de\/index.php\/wp-json\/wp\/v2\/pages\/200\/revisions\/594"}],"wp:attachment":[{"href":"https:\/\/antigewalt-ausbildung.de\/index.php\/wp-json\/wp\/v2\/media?parent=200"}],"curies":[{"name":"wp","href":"https:\/\/api.w.org\/{rel}","templated":true}]}}