{"id":206,"date":"2025-08-15T10:01:54","date_gmt":"2025-08-15T08:01:54","guid":{"rendered":"https:\/\/antigewalt-ausbildung.de\/?page_id=206"},"modified":"2025-09-01T08:56:56","modified_gmt":"2025-09-01T06:56:56","slug":"datenschutz","status":"publish","type":"page","link":"https:\/\/antigewalt-ausbildung.de\/index.php\/datenschutz\/","title":{"rendered":"Datenschutz"},"content":{"rendered":"\n<div class=\"wp-block-group has-global-padding is-layout-constrained wp-block-group-is-layout-constrained\">\n<div class=\"wp-block-columns is-layout-flex wp-container-core-columns-is-layout-28f84493 wp-block-columns-is-layout-flex\">\n<div class=\"wp-block-column is-layout-flow wp-block-column-is-layout-flow\" style=\"flex-basis:66.66%\">\n<p class=\"has-accent-color has-text-color has-link-color has-roboto-font-family wp-elements-9d39dd3021c4d95d036a372e1a55770e\" style=\"font-size:clamp(14px, 0.875rem + ((1vw - 3.2px) * 0.417), 18px);line-height:1.8\">Benennung der verantwortlichen Stelle<\/p>\n\n\n\n<p class=\"has-accent-color has-text-color has-link-color has-roboto-font-family wp-elements-76c30e2c4b5f329609c49e6ad26848b4\" style=\"font-size:clamp(14px, 0.875rem + ((1vw - 3.2px) * 0.417), 18px);line-height:1.8\">Die verantwortliche Stelle f\u00fcr die Datenverarbeitung auf dieser Website ist:<br>Schlafhorst und M\u00fcller-Krohn<\/p>\n\n\n\n<p class=\"has-accent-color has-text-color has-link-color has-roboto-font-family wp-elements-79d76b5aba10813ce6d8c4b48f045294\" style=\"font-size:clamp(14px, 0.875rem + ((1vw - 3.2px) * 0.417), 18px);line-height:1.8\">Judith M\u00fcller-Krohn<br>Schreinerstra\u00dfe 20<br>42105 Wuppertal<\/p>\n\n\n\n<p class=\"has-accent-color has-text-color has-link-color has-roboto-font-family wp-elements-3f286194b8dad96ed8084159678ffb86\" style=\"font-size:clamp(14px, 0.875rem + ((1vw - 3.2px) * 0.417), 18px);line-height:1.8\">Holger Schlafhorst<br>Hombrucher Stra\u00dfe 41<br>44225 Dortmund<\/p>\n\n\n\n<p class=\"has-accent-color has-text-color has-link-color has-roboto-font-family wp-elements-aca2d26be701b8d247c9398d59ad35b6\" style=\"font-size:clamp(14px, 0.875rem + ((1vw - 3.2px) * 0.417), 18px);line-height:1.8\"><a href=\"mailto:info@antigewalt-ausbildung.de\">info@antigewalt-ausbildung.de<\/a><\/p>\n\n\n\n<p class=\"has-accent-color has-text-color has-link-color has-roboto-font-family wp-elements-23a41a228d35d04db0b050197b15add7\" style=\"font-size:clamp(14px, 0.875rem + ((1vw - 3.2px) * 0.417), 18px);line-height:1.8\">Die verantwortliche Stelle entscheidet allein oder gemeinsam mit anderen \u00fcber die Zwecke und Mittel der Verarbeitung von personenbezogenen Daten (z.B. Namen, Kontaktdaten o. \u00c4.).<\/p>\n\n\n\n<h5 class=\"wp-block-heading has-gilroy-font-family\" style=\"font-size:clamp(18.959px, 1.185rem + ((1vw - 3.2px) * 1.15), 30px);\">Kontaktformular<\/h5>\n\n\n\n<p class=\"has-accent-color has-text-color has-link-color has-roboto-font-family wp-elements-718822866d9445e85d15ba4ebbe828ae\" style=\"font-size:clamp(14px, 0.875rem + ((1vw - 3.2px) * 0.417), 18px);line-height:1.8\">Per Kontaktformular \u00fcbermittelte Daten werden einschlie\u00dflich Ihrer Kontaktdaten gespeichert, um Ihre Anfrage bearbeiten zu k\u00f6nnen oder um f\u00fcr Anschlussfragen bereitzustehen. Eine Weitergabe dieser Daten findet ohne Ihre Einwilligung nicht statt.<\/p>\n\n\n\n<p class=\"has-accent-color has-text-color has-link-color has-roboto-font-family wp-elements-0be5d6d94ebf2d9ce7c45826202331f4\" style=\"font-size:clamp(14px, 0.875rem + ((1vw - 3.2px) * 0.417), 18px);line-height:1.8\">Die Verarbeitung der in das Kontaktformular eingegebenen Daten erfolgt ausschlie\u00dflich auf Grundlage Ihrer Einwilligung (Art. 6 Abs. 1 lit. a DSGVO). Ein Widerruf Ihrer bereits erteilten Einwilligung ist jederzeit m\u00f6glich. F\u00fcr den Widerruf gen\u00fcgt eine formlose Mitteilung per E-Mail. Die Rechtm\u00e4\u00dfigkeit der bis zum Widerruf erfolgten Datenverarbeitungsvorg\u00e4nge bleibt vom Widerruf unber\u00fchrt.<\/p>\n\n\n\n<p class=\"has-accent-color has-text-color has-link-color has-roboto-font-family wp-elements-3b2c667efafe16dd0c250630e7afbbd2\" style=\"font-size:clamp(14px, 0.875rem + ((1vw - 3.2px) * 0.417), 18px);line-height:1.8\">\u00dcber das Kontaktformular \u00fcbermittelte Daten verbleiben bei uns, bis Sie uns zur L\u00f6schung auffordern, Ihre Einwilligung zur Speicherung widerrufen oder keine Notwendigkeit der Datenspeicherung mehr besteht. Zwingende gesetzliche Bestimmungen \u2013 insbesondere Aufbewahrungsfristen \u2013 bleiben unber\u00fchrt.<\/p>\n\n\n\n<h5 class=\"wp-block-heading has-gilroy-font-family\" style=\"font-size:clamp(18.959px, 1.185rem + ((1vw - 3.2px) * 1.15), 30px);\">Widerruf Ihrer Einwilligung zur Datenverarbeitung<\/h5>\n\n\n\n<p class=\"has-accent-color has-text-color has-link-color has-roboto-font-family wp-elements-885101d6ac9c5a19581312845259d997\" style=\"font-size:clamp(14px, 0.875rem + ((1vw - 3.2px) * 0.417), 18px);line-height:1.8\">Nur mit Ihrer ausdr\u00fccklichen Einwilligung sind einige Vorg\u00e4nge der Datenverarbeitung m\u00f6glich. Ein Widerruf Ihrer bereits erteilten Einwilligung ist jederzeit m\u00f6glich. F\u00fcr den Widerruf gen\u00fcgt eine formlose Mitteilung per E-Mail. Die Rechtm\u00e4\u00dfigkeit der bis zum Widerruf erfolgten Datenverarbeitung bleibt vom Widerruf unber\u00fchrt.<\/p>\n\n\n\n<h5 class=\"wp-block-heading has-gilroy-font-family\" style=\"font-size:clamp(18.959px, 1.185rem + ((1vw - 3.2px) * 1.15), 30px);\">Recht auf Beschwerde bei der zust\u00e4ndigen Aufsichtsbeh\u00f6rde<\/h5>\n\n\n\n<p class=\"has-accent-color has-text-color has-link-color has-roboto-font-family wp-elements-289c6eea2d1c5151bbc5e8f7164564dd\" style=\"font-size:clamp(14px, 0.875rem + ((1vw - 3.2px) * 0.417), 18px);line-height:1.8\">Als Betroffener steht Ihnen im Falle eines datenschutzrechtlichen Versto\u00dfes ein Beschwerderecht bei der zust\u00e4ndigen Aufsichtsbeh\u00f6rde zu. Zust\u00e4ndige Aufsichtsbeh\u00f6rde bez\u00fcglich datenschutzrechtlicher Fragen ist der Landesdatenschutzbeauftragte von NRW. Der folgende Link stellt eine Liste der Datenschutzbeauftragten sowie deren Kontaktdaten bereit: <a href=\"https:\/\/www.bfdi.bund.de\/DE\/Service\/Anschriften\/anschriften_table.html\" data-type=\"link\" data-id=\"https:\/\/www.bfdi.bund.de\/DE\/Service\/Anschriften\/anschriften_table.html\" target=\"_blank\" rel=\"noreferrer noopener\">BFDI Bund<\/a><\/p>\n\n\n\n<h5 class=\"wp-block-heading has-gilroy-font-family\" style=\"font-size:clamp(18.959px, 1.185rem + ((1vw - 3.2px) * 1.15), 30px);\">Sicherheitsma\u00dfnahmen<\/h5>\n\n\n\n<p class=\"has-accent-color has-text-color has-link-color has-roboto-font-family wp-elements-01550c461399db8c9b9eaa150b6ce86f\" style=\"font-size:clamp(14px, 0.875rem + ((1vw - 3.2px) * 0.417), 18px);line-height:1.8\">Aus Sicherheitsgr\u00fcnden und zum Schutz der \u00dcbertragung vertraulicher Inhalte, die Sie an uns als Seitenbetreiber senden, nutzt unsere Website eine SSL-bzw. TLS-Verschl\u00fcsselung. Damit sind Daten, die Sie \u00fcber diese Website \u00fcbermitteln, f\u00fcr Dritte nicht mitlesbar. Sie erkennen eine verschl\u00fcsselte Verbindung an der \u201ehttps:\/\/\u201c Adresszeile Ihres Browsers und am Schloss-Symbol in der Browserzeile.<\/p>\n\n\n\n<p class=\"has-accent-color has-text-color has-link-color has-roboto-font-family wp-elements-6977faa28ba98a25661bc098bfcc2872\" style=\"font-size:clamp(14px, 0.875rem + ((1vw - 3.2px) * 0.417), 18px);line-height:1.8\">Nach Ma\u00dfgabe des Art. 32 DSGVO sind wir verpflichtet, geeignete technische und organisatorische Ma\u00dfnahmen zu treffen, um die Rechte und Freiheiten nat\u00fcrlicher Personen zu gew\u00e4hrleisten. Dabei ber\u00fccksichtigen wir den Stand der Technik, den Umfang und den Zweck der verarbeiteten Daten sowie die Schwere des Risikos.<\/p>\n\n\n\n<h5 class=\"wp-block-heading has-gilroy-font-family\" style=\"font-size:clamp(18.959px, 1.185rem + ((1vw - 3.2px) * 1.15), 30px);\">Server-Log-Dateien<\/h5>\n\n\n\n<p class=\"has-accent-color has-text-color has-link-color has-roboto-font-family wp-elements-886748a25ada0f12b9efcf2d90fad058\" style=\"font-size:clamp(14px, 0.875rem + ((1vw - 3.2px) * 0.417), 18px);line-height:1.8\">In Server-Log-Dateien erhebt und speichert der Provider der Website automatisch Informationen, die Ihr Browser automatisch an uns \u00fcbermittelt. Dies sind:<\/p>\n\n\n\n<ul class=\"wp-block-list\">\n<li class=\"has-accent-color has-text-color has-link-color has-roboto-font-family wp-elements-e2ec23611920979418286df34f7b9579\" style=\"font-size:clamp(14px, 0.875rem + ((1vw - 3.2px) * 0.417), 18px);\">Browsertyp und Browserversion<\/li>\n\n\n\n<li class=\"has-accent-color has-text-color has-link-color has-roboto-font-family wp-elements-c2cbd1a7d473a3491a356664a98cc662\" style=\"font-size:clamp(14px, 0.875rem + ((1vw - 3.2px) * 0.417), 18px);\">Verwendetes Betriebssystem<\/li>\n\n\n\n<li class=\"has-accent-color has-text-color has-link-color has-roboto-font-family wp-elements-8af106d58251d7a429adc61f61c469bc\" style=\"font-size:clamp(14px, 0.875rem + ((1vw - 3.2px) * 0.417), 18px);\">Referrer URL<\/li>\n\n\n\n<li class=\"has-accent-color has-text-color has-link-color has-roboto-font-family wp-elements-1cf48e6c7692f0bca1980b4b4cf6dc48\" style=\"font-size:clamp(14px, 0.875rem + ((1vw - 3.2px) * 0.417), 18px);\">Hostname des zugreifenden Rechners<\/li>\n\n\n\n<li class=\"has-accent-color has-text-color has-link-color has-roboto-font-family wp-elements-a7e5c400929abe0d422e1dbf8a686e2d\" style=\"font-size:clamp(14px, 0.875rem + ((1vw - 3.2px) * 0.417), 18px);\">Uhrzeit der Serveranfrage<\/li>\n\n\n\n<li class=\"has-accent-color has-text-color has-link-color has-roboto-font-family wp-elements-965ec83956353143c96ba53450a6aba0\" style=\"font-size:clamp(14px, 0.875rem + ((1vw - 3.2px) * 0.417), 18px);\">IP-Adresse<\/li>\n<\/ul>\n\n\n\n<p class=\"has-accent-color has-text-color has-link-color has-roboto-font-family wp-elements-2e3a92648852a05ad923db67da1206d5\" style=\"font-size:clamp(14px, 0.875rem + ((1vw - 3.2px) * 0.417), 18px);line-height:1.8\">Es findet keine Zusammenf\u00fchrung dieser Daten mit anderen Datenquellen statt. Grundlage der Datenverarbeitung bildet Art. 6 Abs. 1 lit. b DSGVO, der die Verarbeitung von Daten zur Erf\u00fcllung eines Vertrags oder vorvertraglicher Ma\u00dfnahmen gestattet.<\/p>\n\n\n\n<h5 class=\"wp-block-heading has-gilroy-font-family\" style=\"font-size:clamp(18.959px, 1.185rem + ((1vw - 3.2px) * 1.15), 30px);\">L\u00f6schung von Daten<\/h5>\n\n\n\n<p class=\"has-accent-color has-text-color has-link-color has-roboto-font-family wp-elements-62bb6442a9f857596990dfc0cb0419a6\" style=\"font-size:clamp(14px, 0.875rem + ((1vw - 3.2px) * 0.417), 18px);line-height:1.8\">Sofern nicht im Rahmen dieser Datenschutzerkl\u00e4rung ausdr\u00fccklich angegeben, werden die bei uns gespeicherten Daten gel\u00f6scht, sobald sie f\u00fcr ihre Zweckbestimmung nicht mehr erforderlich sind und der L\u00f6schung keine gesetzlichen Aufbewahrungspflichten entgegenstehen. Sofern die Daten nicht gel\u00f6scht werden, weil sie f\u00fcr andere und gesetzlich zul\u00e4ssige Zwecke erforderlich sind, wird deren Verarbeitung eingeschr\u00e4nkt. D.h. die Daten werden gesperrt und nicht f\u00fcr andere Zwecke verarbeitet. Das gilt z.B. f\u00fcr Daten, die aus handels- oder steuerrechtlichen Gr\u00fcnden aufbewahrt werden m\u00fcssen. Grunds\u00e4tzlich beziehen wir uns bei der L\u00f6schung auf die Ma\u00dfgabe der Art. 17 und 18 DSGVO.<\/p>\n\n\n\n<p class=\"has-accent-color has-text-color has-link-color has-roboto-font-family wp-elements-ce699da276654a7ab409e490c3ee2197\" style=\"font-size:clamp(14px, 0.875rem + ((1vw - 3.2px) * 0.417), 18px);line-height:1.8\">Nach gesetzlichen Vorgaben erfolgt die Aufbewahrung insbesondere f\u00fcr 6 Jahre gem\u00e4\u00df \u00a7 257 Abs. 1 HGB (Handelsb\u00fccher, Inventare, Er\u00f6ffnungsbilanzen, Jahresabschl\u00fcsse, Handelsbriefe, Buchungsbelege, etc.) sowie f\u00fcr 10 Jahre gem\u00e4\u00df \u00a7 147 Abs. 1 AO (B\u00fccher, Aufzeichnungen, Lageberichte, Buchungsbelege, Handels- und Gesch\u00e4ftsbriefe, F\u00fcr Besteuerung relevante Unterlagen, etc.).<\/p>\n\n\n\n<h5 class=\"wp-block-heading has-gilroy-font-family\" style=\"font-size:clamp(18.959px, 1.185rem + ((1vw - 3.2px) * 1.15), 30px);\">Cookies<\/h5>\n\n\n\n<p class=\"has-accent-color has-text-color has-link-color has-roboto-font-family wp-elements-fb03d92491016557604862201c1fa1b3\" style=\"font-size:clamp(14px, 0.875rem + ((1vw - 3.2px) * 0.417), 18px);line-height:1.8\">Unsere Website verwendet Cookies. Das sind kleine Textdateien, die Ihr Webbrowser auf Ihrem Endger\u00e4t speichert. Cookies helfen uns dabei, unser Angebot nutzerfreundlicher, effektiver und sicherer zu machen.<\/p>\n\n\n\n<p class=\"has-accent-color has-text-color has-link-color has-roboto-font-family wp-elements-28ee62d0f2d924a2c85faeec19220306\" style=\"font-size:clamp(14px, 0.875rem + ((1vw - 3.2px) * 0.417), 18px);line-height:1.8\">Einige Cookies sind \u201cSession-Cookies.\u201d Solche Cookies werden nach Ende Ihrer Browser-Sitzung von selbst gel\u00f6scht. Hingegen bleiben andere Cookies auf Ihrem Endger\u00e4t bestehen, bis Sie diese selbst l\u00f6schen. Solche Cookies helfen uns, Sie bei R\u00fcckkehr auf unserer Website wiederzuerkennen.<\/p>\n\n\n\n<p class=\"has-accent-color has-text-color has-link-color has-roboto-font-family wp-elements-85c84e87d7f797238386a4ff463c6004\" style=\"font-size:clamp(14px, 0.875rem + ((1vw - 3.2px) * 0.417), 18px);line-height:1.8\">Mit einem modernen Webbrowser k\u00f6nnen Sie das Setzen von Cookies \u00fcberwachen, einschr\u00e4nken oder unterbinden. Viele Webbrowser lassen sich so konfigurieren, dass Cookies mit dem Schlie\u00dfen des Programms von selbst gel\u00f6scht werden. Die Deaktivierung von Cookies kann eine eingeschr\u00e4nkte Funktionalit\u00e4t unserer Website zur Folge haben.<\/p>\n\n\n\n<p class=\"has-accent-color has-text-color has-link-color has-roboto-font-family wp-elements-067cc4203a75c2de5d8e1f6df576d490\" style=\"font-size:clamp(14px, 0.875rem + ((1vw - 3.2px) * 0.417), 18px);line-height:1.8\">Das Setzen von Cookies, die zur Aus\u00fcbung elektronischer Kommunikationsvorg\u00e4nge oder der Bereitstellung bestimmter, von Ihnen erw\u00fcnschter Funktionen (z.B. Warenkorb) notwendig sind, erfolgt auf Grundlage von Art. 6 Abs. 1 lit. f DSGVO. Als Betreiber dieser Website haben wir ein berechtigtes Interesse an der Speicherung von Cookies zur technisch fehlerfreien und reibungslosen Bereitstellung unserer Dienste. Sofern die Setzung anderer Cookies (z.B. f\u00fcr Analyse-Funktionen) erfolgt, werden diese in dieser Datenschutzerkl\u00e4rung separat behandelt.<\/p>\n\n\n\n<h5 class=\"wp-block-heading has-gilroy-font-family\" style=\"font-size:clamp(18.959px, 1.185rem + ((1vw - 3.2px) * 1.15), 30px);\">Browser Plugin<\/h5>\n\n\n\n<p class=\"has-accent-color has-text-color has-link-color has-roboto-font-family wp-elements-4ac63c65ed7fecd1787f726c5f0b5611\" style=\"font-size:clamp(14px, 0.875rem + ((1vw - 3.2px) * 0.417), 18px);line-height:1.8\">Das Setzen von Cookies durch Ihren Webbrowser ist verhinderbar. Einige Funktionen unserer Website k\u00f6nnten dadurch jedoch eingeschr\u00e4nkt werden. Ebenso k\u00f6nnen Sie die Erfassung von Daten bez\u00fcglich Ihrer Website-Nutzung einschlie\u00dflich Ihrer IP-Adresse mitsamt anschlie\u00dfender Verarbeitung durch Google unterbinden. Dies ist m\u00f6glich, indem Sie das \u00fcber folgenden Link erreichbare Browser-Plugin herunterladen und installieren: <a href=\"https:\/\/tools.google.com\/dlpage\/gaoptout?hl=de\" target=\"_blank\" rel=\"noreferrer noopener\">https:\/\/tools.google.com\/dlpage\/gaoptout?hl=de<\/a>.<\/p>\n<\/div>\n\n\n\n<div class=\"wp-block-column is-layout-flow wp-block-column-is-layout-flow\" style=\"flex-basis:33.33%\"><\/div>\n<\/div>\n<\/div>\n","protected":false},"excerpt":{"rendered":"<p>Benennung der verantwortlichen Stelle Die verantwortliche Stelle f\u00fcr die Datenverarbeitung auf dieser Website ist:Schlafhorst und M\u00fcller-Krohn Judith M\u00fcller-KrohnSchreinerstra\u00dfe 2042105 Wuppertal Holger SchlafhorstHombrucher Stra\u00dfe 4144225 Dortmund info@antigewalt-ausbildung.de Die verantwortliche Stelle entscheidet allein oder gemeinsam mit anderen \u00fcber die Zwecke und Mittel der Verarbeitung von personenbezogenen Daten (z.B. Namen, Kontaktdaten o. \u00c4.). Kontaktformular Per Kontaktformular \u00fcbermittelte Daten [&hellip;]<\/p>\n","protected":false},"author":1,"featured_media":0,"parent":0,"menu_order":0,"comment_status":"closed","ping_status":"closed","template":"","meta":{"footnotes":""},"class_list":["post-206","page","type-page","status-publish","hentry"],"_links":{"self":[{"href":"https:\/\/antigewalt-ausbildung.de\/index.php\/wp-json\/wp\/v2\/pages\/206","targetHints":{"allow":["GET"]}}],"collection":[{"href":"https:\/\/antigewalt-ausbildung.de\/index.php\/wp-json\/wp\/v2\/pages"}],"about":[{"href":"https:\/\/antigewalt-ausbildung.de\/index.php\/wp-json\/wp\/v2\/types\/page"}],"author":[{"embeddable":true,"href":"https:\/\/antigewalt-ausbildung.de\/index.php\/wp-json\/wp\/v2\/users\/1"}],"replies":[{"embeddable":true,"href":"https:\/\/antigewalt-ausbildung.de\/index.php\/wp-json\/wp\/v2\/comments?post=206"}],"version-history":[{"count":14,"href":"https:\/\/antigewalt-ausbildung.de\/index.php\/wp-json\/wp\/v2\/pages\/206\/revisions"}],"predecessor-version":[{"id":593,"href":"https:\/\/antigewalt-ausbildung.de\/index.php\/wp-json\/wp\/v2\/pages\/206\/revisions\/593"}],"wp:attachment":[{"href":"https:\/\/antigewalt-ausbildung.de\/index.php\/wp-json\/wp\/v2\/media?parent=206"}],"curies":[{"name":"wp","href":"https:\/\/api.w.org\/{rel}","templated":true}]}}