{"id":231,"date":"2025-08-15T10:49:11","date_gmt":"2025-08-15T08:49:11","guid":{"rendered":"https:\/\/antigewalt-ausbildung.de\/?page_id=231"},"modified":"2025-08-15T10:57:09","modified_gmt":"2025-08-15T08:57:09","slug":"agb","status":"publish","type":"page","link":"https:\/\/antigewalt-ausbildung.de\/index.php\/agb\/","title":{"rendered":"AGB"},"content":{"rendered":"\n<div class=\"wp-block-columns is-layout-flex wp-container-core-columns-is-layout-28f84493 wp-block-columns-is-layout-flex\">\n<div class=\"wp-block-column is-layout-flow wp-block-column-is-layout-flow\" style=\"flex-basis:66.66%\">\n<div class=\"wp-block-group has-global-padding is-layout-constrained wp-block-group-is-layout-constrained\">\n<h5 class=\"wp-block-heading has-gilroy-font-family\" style=\"font-size:clamp(18.959px, 1.185rem + ((1vw - 3.2px) * 1.15), 30px);\">I. Geltungsbereich<\/h5>\n\n\n\n<p class=\"has-accent-color has-text-color has-link-color has-roboto-font-family wp-elements-94189ea1ef0af30d001224d386acd0d2\" style=\"font-size:clamp(14px, 0.875rem + ((1vw - 3.2px) * 0.417), 18px);\">Die folgenden Allgemeinen Gesch\u00e4ftsbedingungen regeln das Verh\u00e4ltnis zwischen den Seminarteilnehmern und dem Weiterbildungseinrichtung Antigewalt-Training (kurz AT genannt).<\/p>\n\n\n\n<h5 class=\"wp-block-heading has-gilroy-font-family\" style=\"font-size:clamp(18.959px, 1.185rem + ((1vw - 3.2px) * 1.15), 30px);\">\u2028\u2028II. Anmeldungen<\/h5>\n\n\n\n<p class=\"has-accent-color has-text-color has-link-color has-roboto-font-family wp-elements-18d2945dbef826ddca08703432337396\" style=\"font-size:clamp(14px, 0.875rem + ((1vw - 3.2px) * 0.417), 18px);\">F\u00fcr alle Weiterbildungen ist eine Anmeldung erforderlich. Mit der Anmeldung werden diese Gesch\u00e4ftsbedingungen anerkannt. Die Teilnehmer<em>innen<\/em> k\u00f6nnen sich pers\u00f6nlich, telefonisch, schriftlich oder per E-Mail anmelden.\u2028\u2028F\u00fcr die Weiterbildungen ist bereits die Anmeldung verbindlich. AT benachrichtigt die Teilnehmer<em>innen, wenn der Kurs belegt ist oder ausf\u00e4llt. Die Teilnehmer<\/em>innen erhalten entweder eine Absage oder eine Anmeldebest\u00e4tigung. Die Anmeldungen werden nach Eingangsdatum bei AT ber\u00fccksichtigt.<\/p>\n\n\n\n<h5 class=\"wp-block-heading has-gilroy-font-family\" style=\"font-size:clamp(18.959px, 1.185rem + ((1vw - 3.2px) * 1.15), 30px);\">\u2028\u2028III. Teilnahmegeb\u00fchren<\/h5>\n\n\n\n<p class=\"has-accent-color has-text-color has-link-color has-roboto-font-family wp-elements-dc30d406dbca9c8feeb5fc30278bfbd2\" style=\"font-size:clamp(14px, 0.875rem + ((1vw - 3.2px) * 0.417), 18px);\">F\u00fcr die Teilnahme an den Weiterbildungen werden Geb\u00fchren erhoben. Die H\u00f6he der Geb\u00fchren sind dem Seminarprogramm bzw. den jeweiligen Ank\u00fcndigungen der einzelnen Weiterbildungen zu entnehmen. \u2028\u2028Die Geb\u00fchren f\u00fcr Weiterbildungen m\u00fcssen bis sp\u00e4testens 14 Tage vor dem Veranstaltungsbeginn bei AT eingegangen sein. Bei einer Anmeldung, die weniger als 14 Tage vor der Veranstaltung erfolgt, sind die Geb\u00fchren sofort f\u00e4llig und zahlbar. \u2028\u2028Bei versp\u00e4teter Zahlung beh\u00e4lt sich AT das Recht vor, Teilnehmer*innen von der Teilnahme auszuschlie\u00dfen.<\/p>\n\n\n\n<h5 class=\"wp-block-heading has-gilroy-font-family\" style=\"font-size:clamp(18.959px, 1.185rem + ((1vw - 3.2px) * 1.15), 30px);\">IV. Durchf\u00fchrung<\/h5>\n\n\n\n<p class=\"has-accent-color has-text-color has-link-color has-roboto-font-family wp-elements-ef10cb360a5666c1a72bdad2eedf8633\" style=\"font-size:clamp(14px, 0.875rem + ((1vw - 3.2px) * 0.417), 18px);\">Die Durchf\u00fchrung einer Veranstaltung ist an eine notwendige Mindest-Teilnehmer*innenzahl gebunden. Liegen nicht gen\u00fcgend Anmeldungen vor, kann eine Veranstaltung abgesagt werden. Bereits entrichtete Geb\u00fchren werden sofort erstattet. Ein weitergehender Schadensersatzanspruch ist ausgeschlossen.<\/p>\n\n\n\n<p class=\"has-accent-color has-text-color has-link-color has-roboto-font-family wp-elements-61c7afbb3327e64a8fb037b1f5516e06\" style=\"font-size:clamp(14px, 0.875rem + ((1vw - 3.2px) * 0.417), 18px);\">AT beh\u00e4lt sich das Recht vor, auch kurzfristig einen Referentenwechsel, Raum\u00e4nderungen sowie \u00c4nderungen des Veranstaltungsortes\/-hotels vorzunehmen. Die eingegangene Verpflichtung zur Teilnahme bleibt bestehen. \u2028\u2028Teilnehmer*innen, die vors\u00e4tzlich oder grob fahrl\u00e4ssig gegen die Veranstaltungsdisziplin versto\u00dfen oder durch ihr Verhalten den Erfolg der Veranstaltung gef\u00e4hrden, k\u00f6nnen von der weiteren Teilnahme an der Veranstaltung ausgeschlossen werden. Ein Anspruch auf Verringerung der Geb\u00fchren besteht nicht.<\/p>\n\n\n\n<h5 class=\"wp-block-heading has-gilroy-font-family\" style=\"font-size:clamp(18.959px, 1.185rem + ((1vw - 3.2px) * 1.15), 30px);\">V. R\u00fccktritt<\/h5>\n\n\n\n<p class=\"has-accent-color has-text-color has-link-color has-roboto-font-family wp-elements-74a8afb4f1c1530e4481fb0f5e36a1bb\" style=\"font-size:clamp(14px, 0.875rem + ((1vw - 3.2px) * 0.417), 18px);\">Bei den Weiterbildungen berechnet AT im Falle des R\u00fccktritts bis zu 3 Wochen vor Veranstaltungsbeginn eine pauschale Aufwandsentsch\u00e4digung von 20,- Euro. Bei einem sp\u00e4teren R\u00fccktritt sind die Teilnehmer<em>innen zur Zahlung der vollen Geb\u00fchr verpflichtet. \u2028Ma\u00dfgebend f\u00fcr die Rechtzeitigkeit ist der Eingang der R\u00fccktrittserkl\u00e4rung bei AT. Erfolgt der R\u00fccktritt nicht fristgerecht, steht es im Ermessen von AT, die Teilnehmer<\/em>innen von der Verpflichtung zur Zahlung der vollen Geb\u00fchr zu befreien, wenn eine Ersatzperson gestellt wird oder AT Teilnehmer*innen von der Warteliste gewinnen kann.\u2028\u2028Die Nichtinanspruchnahme einzelner Veranstaltungseinheiten berechtigt nicht zu einer Reduzierung der Geb\u00fchren.<\/p>\n\n\n\n<h5 class=\"wp-block-heading has-gilroy-font-family\" style=\"font-size:clamp(18.959px, 1.185rem + ((1vw - 3.2px) * 1.15), 30px);\">\u2028\u2028VI. Haftung<\/h5>\n\n\n\n<p class=\"has-accent-color has-text-color has-link-color has-roboto-font-family wp-elements-662c8684c393a5f76a1dde0a35769919\" style=\"font-size:clamp(14px, 0.875rem + ((1vw - 3.2px) * 0.417), 18px);\">AT haftet nicht f\u00fcr Sch\u00e4den, insbesondere f\u00fcr solche aus Unf\u00e4llen, Besch\u00e4digungen, Verlust oder Diebstahl, es sei denn, dass der Schaden von AT vors\u00e4tzlich oder grob fahrl\u00e4ssig verursacht wurde.\u2028\u2028Hoheitliche Ma\u00dfnahmen, Naturkatastrophen, Verkehrsst\u00f6rungen, St\u00f6rungen in der Energie- und Rohstoffversorgung, Krankheit des\/der Referenten und sonstige F\u00e4lle h\u00f6herer Gewalt, also au\u00dfergew\u00f6hnlicher Ereignisse, die AT nicht zu vertreten hat, befreien AT f\u00fcr die Dauer ihrer Auswirkungen von der Verpflichtung zur Vertragserf\u00fcllung. In diesen F\u00e4llen ist AT nicht zum Schadenersatz, insbesondere nicht zum Ersatz von Reise- und \u00dcbernachtungskosten sowie von Arbeitsausfall verpflichtet.<\/p>\n\n\n\n<h5 class=\"wp-block-heading has-gilroy-font-family\" style=\"font-size:clamp(18.959px, 1.185rem + ((1vw - 3.2px) * 1.15), 30px);\">VII. Datenspeicherung<\/h5>\n\n\n\n<p class=\"has-accent-color has-text-color has-link-color has-roboto-font-family wp-elements-72c787d8e21f0bab162e415919c5c671\" style=\"font-size:clamp(14px, 0.875rem + ((1vw - 3.2px) * 0.417), 18px);\">Die Teilnehmer*innen willigen in die gesch\u00e4ftsnotwendige Verarbeitung ihrer Daten ein. Alle wichtigen Angaben zum Datenschutz entnehmen Sie bitte unserer Datenschutzerkl\u00e4rung.<\/p>\n\n\n\n<h5 class=\"wp-block-heading has-gilroy-font-family\" style=\"font-size:clamp(18.959px, 1.185rem + ((1vw - 3.2px) * 1.15), 30px);\">VIII. Urheberrecht<\/h5>\n\n\n\n<p class=\"has-accent-color has-text-color has-link-color has-roboto-font-family wp-elements-5ca32747815767b4f845d231d240464c\" style=\"font-size:clamp(14px, 0.875rem + ((1vw - 3.2px) * 0.417), 18px);\">Die Konzepte und Inhalte der Veranstaltungen sind urheberrechtlich gesch\u00fctzt. Gleiches gilt f\u00fcr die in den Veranstaltungen verwendeten Arbeitsunterlagen sowie f\u00fcr die Software. Das Kopieren und die Weiterleitung an Dritte sind nur mit vorheriger Einwilligung des Urheberberechtigten zul\u00e4ssig.<\/p>\n\n\n\n<h5 class=\"wp-block-heading has-gilroy-font-family\" style=\"font-size:clamp(18.959px, 1.185rem + ((1vw - 3.2px) * 1.15), 30px);\">\u2028\u2028IX. Nebenabreden<\/h5>\n\n\n\n<p class=\"has-accent-color has-text-color has-link-color has-roboto-font-family wp-elements-229603724da3efbfe91c65a46ddef835\" style=\"font-size:clamp(14px, 0.875rem + ((1vw - 3.2px) * 0.417), 18px);\">Nebenabreden bed\u00fcrfen der Schriftform. Auch die Abweichung von dieser Bedingung bedarf der Schriftform.<\/p>\n\n\n\n<h5 class=\"wp-block-heading has-gilroy-font-family\" style=\"font-size:clamp(18.959px, 1.185rem + ((1vw - 3.2px) * 1.15), 30px);\">X. Salvatorische Klausel<\/h5>\n\n\n\n<p class=\"has-accent-color has-text-color has-link-color has-roboto-font-family wp-elements-605d97a94da6705c977914e17175918b\" style=\"font-size:clamp(14px, 0.875rem + ((1vw - 3.2px) * 0.417), 18px);\">Sollten einzelne Bestimmungen dieser \u201eAllgemeinen Gesch\u00e4ftsbedingungen\u201c ganz oder teilweise unwirksam sein, so bleibt die G\u00fcltigkeit der \u00fcbrigen Klauseln unber\u00fchrt. Die ganze oder teilweise ung\u00fcltige Bestimmung soll durch eine Regelung ersetzt werden, die dem Sinn und Zweck der unwirksamen Bestimmung am n\u00e4chsten kommt.<\/p>\n<\/div>\n<\/div>\n\n\n\n<div class=\"wp-block-column is-layout-flow wp-block-column-is-layout-flow\" style=\"flex-basis:33.33%\"><\/div>\n<\/div>\n","protected":false},"excerpt":{"rendered":"<p>I. Geltungsbereich Die folgenden Allgemeinen Gesch\u00e4ftsbedingungen regeln das Verh\u00e4ltnis zwischen den Seminarteilnehmern und dem Weiterbildungseinrichtung Antigewalt-Training (kurz AT genannt). \u2028\u2028II. Anmeldungen F\u00fcr alle Weiterbildungen ist eine Anmeldung erforderlich. Mit der Anmeldung werden diese Gesch\u00e4ftsbedingungen anerkannt. Die Teilnehmerinnen k\u00f6nnen sich pers\u00f6nlich, telefonisch, schriftlich oder per E-Mail anmelden.\u2028\u2028F\u00fcr die Weiterbildungen ist bereits die Anmeldung verbindlich. AT benachrichtigt [&hellip;]<\/p>\n","protected":false},"author":1,"featured_media":0,"parent":0,"menu_order":0,"comment_status":"closed","ping_status":"closed","template":"","meta":{"footnotes":""},"class_list":["post-231","page","type-page","status-publish","hentry"],"_links":{"self":[{"href":"https:\/\/antigewalt-ausbildung.de\/index.php\/wp-json\/wp\/v2\/pages\/231","targetHints":{"allow":["GET"]}}],"collection":[{"href":"https:\/\/antigewalt-ausbildung.de\/index.php\/wp-json\/wp\/v2\/pages"}],"about":[{"href":"https:\/\/antigewalt-ausbildung.de\/index.php\/wp-json\/wp\/v2\/types\/page"}],"author":[{"embeddable":true,"href":"https:\/\/antigewalt-ausbildung.de\/index.php\/wp-json\/wp\/v2\/users\/1"}],"replies":[{"embeddable":true,"href":"https:\/\/antigewalt-ausbildung.de\/index.php\/wp-json\/wp\/v2\/comments?post=231"}],"version-history":[{"count":3,"href":"https:\/\/antigewalt-ausbildung.de\/index.php\/wp-json\/wp\/v2\/pages\/231\/revisions"}],"predecessor-version":[{"id":235,"href":"https:\/\/antigewalt-ausbildung.de\/index.php\/wp-json\/wp\/v2\/pages\/231\/revisions\/235"}],"wp:attachment":[{"href":"https:\/\/antigewalt-ausbildung.de\/index.php\/wp-json\/wp\/v2\/media?parent=231"}],"curies":[{"name":"wp","href":"https:\/\/api.w.org\/{rel}","templated":true}]}}