{"id":260,"date":"2025-08-15T11:33:17","date_gmt":"2025-08-15T09:33:17","guid":{"rendered":"https:\/\/antigewalt-ausbildung.de\/?page_id=260"},"modified":"2025-08-29T12:13:51","modified_gmt":"2025-08-29T10:13:51","slug":"konfliktmanagement-am-telefon","status":"publish","type":"page","link":"https:\/\/antigewalt-ausbildung.de\/index.php\/konfliktmanagement-am-telefon\/","title":{"rendered":"Konfliktmanagement am Telefon"},"content":{"rendered":"\n<div class=\"wp-block-columns is-layout-flex wp-container-core-columns-is-layout-28f84493 wp-block-columns-is-layout-flex\">\n<div class=\"wp-block-column is-layout-flow wp-block-column-is-layout-flow\" style=\"flex-basis:66.66%\">\n<p class=\"has-accent-color has-text-color has-link-color has-roboto-font-family wp-elements-11f36747a8f32925c85ef3805b61f6f0\" style=\"font-size:clamp(14px, 0.875rem + ((1vw - 3.2px) * 0.417), 18px);font-style:normal;font-weight:400\">Was k\u00f6nnen wir tun, wenn der Kunde laut wird? Beschwerden und Reklamationen bringen dem Unternehmen wichtige Informationen \u00fcber Kundenw\u00fcnsche und im Umgang von Unternehmens mit diesen Anliegen gibt es gro\u00dfe qualitative Unterschiede. Selbstverst\u00e4ndlich ist es immer gew\u00fcnscht, die W\u00fcnsche des Kunden so gut wie m\u00f6glich zu erf\u00fcllen. Allerdings wird dieser Anspruch im anspruchsvollen Tagesgesch\u00e4ft der Mitarbeiter am Telefon nicht immer wie gew\u00fcnscht umgesetzt. Das Training setzt sich daher zum Ziel, Mitarbeiter f\u00fcr den Umgang mit Beschwerden und Reklamationen professionell zu schulen, ihnen Kommunikationsstrategien zu vermitteln, welche im Gespr\u00e4ch praktisch angewandt werden k\u00f6nnen und die eigene Sichtweise auf Anforderungen im Kundenkontakt zu reflektieren.<\/p>\n\n\n\n<p class=\"has-accent-color has-text-color has-link-color has-roboto-font-family wp-elements-233a2a99746fbba2f127468c15bbd95f\" style=\"font-size:clamp(14px, 0.875rem + ((1vw - 3.2px) * 0.417), 18px);font-style:normal;font-weight:400\">Kommunikation in schwierigen Situationen<\/p>\n<\/div>\n\n\n\n<div class=\"wp-block-column is-layout-flow wp-block-column-is-layout-flow\" style=\"flex-basis:33.33%\">\n<div class=\"wp-block-group has-accent-5-background-color has-background has-global-padding is-layout-constrained wp-block-group-is-layout-constrained\"><div class=\"lightweight-accordion\"><details open><summary class=\"lightweight-accordion-title\"><span>Vorgespr\u00e4ch<\/span><\/summary><div class=\"lightweight-accordion-body\">\n\n<p class=\"has-accent-color has-text-color has-link-color has-roboto-font-family wp-elements-61743ef31e35f2fe3d7e2734f48a0f0d\" style=\"font-size:clamp(14px, 0.875rem + ((1vw - 3.2px) * 0.417), 18px);font-style:normal;font-weight:400\">Im Vorgespr\u00e4ch kl\u00e4ren wir welche Themen, Herausforderungen bestehen und erstellen ein passendes Trainingskonzept f\u00fcr Ihre Bed\u00fcrfnisse.<\/p>\n\n<\/div><\/details><\/div>\n\n<div class=\"lightweight-accordion\"><details><summary class=\"lightweight-accordion-title\"><span>Kosten<\/span><\/summary><div class=\"lightweight-accordion-body\">\n\n<p class=\"has-accent-color has-text-color has-link-color has-roboto-font-family wp-elements-c6c642ad37d3df73a14c4907cdfbe9aa\" style=\"font-size:clamp(14px, 0.875rem + ((1vw - 3.2px) * 0.417), 18px);font-style:normal;font-weight:400\">Nach Vereinbarung<\/p>\n\n<\/div><\/details><\/div>\n\n<div class=\"lightweight-accordion\"><details><summary class=\"lightweight-accordion-title\"><span>Ort<\/span><\/summary><div class=\"lightweight-accordion-body\">\n\n<p class=\"has-accent-color has-text-color has-link-color has-roboto-font-family wp-elements-d916ef71efc4f02ce1fab984d2463d1b\" style=\"font-style:normal;font-weight:400\">Das Training kann als Inhouse-Training gebucht werden, optional bieten wir gerne einen Raum zur Durchf\u00fchrung an.<\/p>\n\n<\/div><\/details><\/div><\/div>\n<\/div>\n<\/div>\n\n\n\n<div class=\"wp-block-group has-global-padding is-layout-constrained wp-block-group-is-layout-constrained\">\n<div class=\"wp-block-columns is-layout-flex wp-container-core-columns-is-layout-28f84493 wp-block-columns-is-layout-flex\">\n<div class=\"wp-block-column is-layout-flow wp-block-column-is-layout-flow\">\n<div class=\"wp-block-group has-global-padding is-layout-constrained wp-block-group-is-layout-constrained\">\n<figure class=\"wp-block-image alignfull size-full\"><img loading=\"lazy\" decoding=\"async\" width=\"330\" height=\"400\" src=\"https:\/\/antigewalt-ausbildung.de\/wp-content\/uploads\/2025\/08\/ag_judith.jpg\" alt=\"\" class=\"wp-image-106\"\/><\/figure>\n\n\n\n<p class=\"has-text-align-center has-gilroy-font-family\" style=\"font-size:clamp(14px, 0.875rem + ((1vw - 3.2px) * 0.208), 16px);\">Judith M\u00fcller-Krohn<\/p>\n<\/div>\n<\/div>\n\n\n\n<div class=\"wp-block-column is-layout-flow wp-block-column-is-layout-flow\">\n<div style=\"height:100px\" aria-hidden=\"true\" class=\"wp-block-spacer\"><\/div>\n\n\n\n<h5 class=\"wp-block-heading has-gilroy-font-family\" style=\"font-size:clamp(18.959px, 1.185rem + ((1vw - 3.2px) * 1.15), 30px);\">Interessiert?<\/h5>\n\n\n\n<p class=\"has-accent-color has-text-color has-link-color has-roboto-font-family wp-elements-96da9e6bb7dfeac6091ad15a6d39c7f8\" style=\"font-size:clamp(14px, 0.875rem + ((1vw - 3.2px) * 0.417), 18px);font-style:normal;font-weight:400\">Nehmen Sie Kontakt auf um einen pers\u00f6nliche Fortbildungs-Termin zu vereinbaren:<br>T: +49 157 829 53 733<\/p>\n\n\n\n<p class=\"has-accent-color has-text-color has-link-color has-roboto-font-family wp-elements-d35e9856b45e38949c7bf34cf6cc895b\" style=\"font-size:clamp(14px, 0.875rem + ((1vw - 3.2px) * 0.417), 18px);font-style:normal;font-weight:400\">M: <a href=\"mailto:j.mueller-krohn@antigewalt-ausbildung.de\">j.mueller-krohn@antigewalt-ausbildung.de<\/a><\/p>\n<\/div>\n<\/div>\n<\/div>\n\n\n\n","protected":false},"excerpt":{"rendered":"<p>Was k\u00f6nnen wir tun, wenn der Kunde laut wird? Beschwerden und Reklamationen bringen dem Unternehmen wichtige Informationen \u00fcber Kundenw\u00fcnsche und im Umgang von Unternehmens mit diesen Anliegen gibt es gro\u00dfe qualitative Unterschiede. Selbstverst\u00e4ndlich ist es immer gew\u00fcnscht, die W\u00fcnsche des Kunden so gut wie m\u00f6glich zu erf\u00fcllen. Allerdings wird dieser Anspruch im anspruchsvollen Tagesgesch\u00e4ft der [&hellip;]<\/p>\n","protected":false},"author":1,"featured_media":0,"parent":0,"menu_order":0,"comment_status":"closed","ping_status":"closed","template":"","meta":{"footnotes":""},"class_list":["post-260","page","type-page","status-publish","hentry"],"_links":{"self":[{"href":"https:\/\/antigewalt-ausbildung.de\/index.php\/wp-json\/wp\/v2\/pages\/260","targetHints":{"allow":["GET"]}}],"collection":[{"href":"https:\/\/antigewalt-ausbildung.de\/index.php\/wp-json\/wp\/v2\/pages"}],"about":[{"href":"https:\/\/antigewalt-ausbildung.de\/index.php\/wp-json\/wp\/v2\/types\/page"}],"author":[{"embeddable":true,"href":"https:\/\/antigewalt-ausbildung.de\/index.php\/wp-json\/wp\/v2\/users\/1"}],"replies":[{"embeddable":true,"href":"https:\/\/antigewalt-ausbildung.de\/index.php\/wp-json\/wp\/v2\/comments?post=260"}],"version-history":[{"count":24,"href":"https:\/\/antigewalt-ausbildung.de\/index.php\/wp-json\/wp\/v2\/pages\/260\/revisions"}],"predecessor-version":[{"id":511,"href":"https:\/\/antigewalt-ausbildung.de\/index.php\/wp-json\/wp\/v2\/pages\/260\/revisions\/511"}],"wp:attachment":[{"href":"https:\/\/antigewalt-ausbildung.de\/index.php\/wp-json\/wp\/v2\/media?parent=260"}],"curies":[{"name":"wp","href":"https:\/\/api.w.org\/{rel}","templated":true}]}}