{"id":6,"date":"2025-08-12T17:59:28","date_gmt":"2025-08-12T15:59:28","guid":{"rendered":"https:\/\/antigewalt-ausbildung.de\/?page_id=6"},"modified":"2025-08-29T12:20:52","modified_gmt":"2025-08-29T10:20:52","slug":"6-2","status":"publish","type":"page","link":"https:\/\/antigewalt-ausbildung.de\/","title":{"rendered":""},"content":{"rendered":"\n<div class=\"wp-block-group alignfull has-base-2-background-color has-background is-layout-flow wp-container-core-group-is-layout-f9cb6abc wp-block-group-is-layout-flow\" style=\"margin-top:0;margin-bottom:0\">\n<div class=\"wp-block-columns alignfull is-style-section-2 is-layout-flex wp-container-core-columns-is-layout-d9884270 wp-block-columns-is-layout-flex\" style=\"padding-top:0;padding-bottom:0\">\n<div class=\"wp-block-column is-layout-flow wp-block-column-is-layout-flow\" style=\"flex-basis:50%\">\n<div class=\"wp-block-cover is-light\" style=\"min-height:696px;aspect-ratio:unset;\"><img loading=\"lazy\" decoding=\"async\" width=\"1920\" height=\"1281\" class=\"wp-block-cover__image-background wp-image-10 size-full\" alt=\"\" src=\"https:\/\/antigewalt-ausbildung.de\/wp-content\/uploads\/2025\/08\/jubeln.von_seite_unten.jpg\" data-object-fit=\"cover\"\/><span aria-hidden=\"true\" class=\"wp-block-cover__background has-background-dim-0 has-background-dim\" style=\"background-color:#a5a19e\"><\/span><div class=\"wp-block-cover__inner-container is-layout-flow wp-block-cover-is-layout-flow\">\n<div style=\"height:var(--wp--preset--spacing--20)\" aria-hidden=\"true\" class=\"wp-block-spacer\"><\/div>\n<\/div><\/div>\n<\/div>\n\n\n\n<div class=\"wp-block-column has-base-color has-accent-3-background-color has-text-color has-background has-link-color wp-elements-e70c7aa49456c47fa731875d8e5fd1ac is-layout-flow wp-block-column-is-layout-flow\" style=\"flex-basis:50%\">\n<div class=\"wp-block-group is-vertical is-content-justification-stretch is-layout-flex wp-container-core-group-is-layout-ffd95dda wp-block-group-is-layout-flex\" style=\"min-height:33vh;padding-top:var(--wp--preset--spacing--50);padding-right:var(--wp--preset--spacing--40);padding-bottom:var(--wp--preset--spacing--50);padding-left:var(--wp--preset--spacing--40)\">\n<p class=\"has-gilroy-font-family has-large-font-size\" style=\"line-height:1.4\">Ausbildung<br>zum Trainer f\u00fcr Gewaltpr\u00e4vention<br>(Zertifikat)<\/p>\n\n\n\n<div style=\"height:0px\" aria-hidden=\"true\" class=\"wp-block-spacer wp-container-content-6388d5dc\"><\/div>\n<\/div>\n<\/div>\n<\/div>\n\n\n\n<div style=\"height:35px\" aria-hidden=\"true\" class=\"wp-block-spacer\"><\/div>\n\n\n\n<div class=\"wp-block-group has-base-2-background-color has-background has-global-padding is-layout-constrained wp-block-group-is-layout-constrained\">\n<div class=\"wp-block-columns is-layout-flex wp-container-core-columns-is-layout-28f84493 wp-block-columns-is-layout-flex\">\n<div class=\"wp-block-column is-layout-flow wp-block-column-is-layout-flow\">\n<div class=\"wp-block-group has-global-padding is-layout-constrained wp-block-group-is-layout-constrained\">\n<h5 class=\"wp-block-heading has-text-align-center has-border-color has-base-2-border-color has-gilroy-font-family\" style=\"border-width:30px;font-size:clamp(18.959px, 1.185rem + ((1vw - 3.2px) * 1.15), 30px);line-height:1.4\">Fortbildung Antigewalt-Trainer*in (Zertifikat)<\/h5>\n\n\n\n<div class=\"wp-block-buttons is-content-justification-center is-layout-flex wp-container-core-buttons-is-layout-9d27920a wp-block-buttons-is-layout-flex\" style=\"padding-top:0;padding-bottom:0\">\n<div class=\"wp-block-button is-style-fill\"><a class=\"wp-block-button__link has-system-sans-serif-font-family has-custom-font-size wp-element-button\" href=\"https:\/\/antigewalt-ausbildung.de\/index.php\/fortbildung-antigewalt-trainerin-zertifikat\/\" style=\"border-style:none;border-width:0px;border-radius:50px;padding-top:15px;padding-right:30px;padding-bottom:15px;padding-left:30px;font-size:12px;text-transform:uppercase\">Anmelden<\/a><\/div>\n\n\n\n<div class=\"wp-block-button is-style-fill\"><a class=\"wp-block-button__link has-system-sans-serif-font-family has-custom-font-size wp-element-button\" href=\"https:\/\/antigewalt-ausbildung.de\/index.php\/fortbildung-antigewalt-trainerin-zertifikat\/\" style=\"border-radius:50px;padding-top:15px;padding-right:30px;padding-bottom:15px;padding-left:30px;font-size:12px;text-transform:uppercase\">Mehr Erfahren<\/a><\/div>\n<\/div>\n\n\n\n<div style=\"height:35px\" aria-hidden=\"true\" class=\"wp-block-spacer\"><\/div>\n<\/div>\n<\/div>\n\n\n\n<div class=\"wp-block-column is-layout-flow wp-block-column-is-layout-flow\">\n<div class=\"wp-block-group has-global-padding is-layout-constrained wp-block-group-is-layout-constrained\">\n<h5 class=\"wp-block-heading has-text-align-center has-border-color has-base-2-border-color has-gilroy-font-family\" style=\"border-width:30px;font-size:clamp(18.959px, 1.185rem + ((1vw - 3.2px) * 1.15), 30px);line-height:1.4\">Antigewalt-Training f\u00fcr Jugendliche nach \u00a710 JGG<\/h5>\n\n\n\n<div class=\"wp-block-buttons is-content-justification-center is-layout-flex wp-container-core-buttons-is-layout-a89b3969 wp-block-buttons-is-layout-flex\">\n<div class=\"wp-block-button is-style-fill\"><a class=\"wp-block-button__link has-custom-font-size wp-element-button\" href=\"https:\/\/antigewalt-ausbildung.de\/index.php\/antigewalt-training-fuer-jugendliche-nach-para10jgg\/\" style=\"border-radius:50px;padding-top:15px;padding-right:30px;padding-bottom:15px;padding-left:30px;font-size:12px;text-transform:uppercase\">Mehr Erfahren<\/a><\/div>\n<\/div>\n\n\n\n<div style=\"height:35px\" aria-hidden=\"true\" class=\"wp-block-spacer\"><\/div>\n<\/div>\n<\/div>\n<\/div>\n\n\n\n<div style=\"height:35px\" aria-hidden=\"true\" class=\"wp-block-spacer\"><\/div>\n<\/div>\n\n\n\n<div class=\"wp-block-group has-accent-5-background-color has-background has-global-padding is-layout-constrained wp-block-group-is-layout-constrained\">\n<div style=\"height:35px\" aria-hidden=\"true\" class=\"wp-block-spacer\"><\/div>\n\n\n\n<div class=\"wp-block-columns is-layout-flex wp-container-core-columns-is-layout-28f84493 wp-block-columns-is-layout-flex\">\n<div class=\"wp-block-column has-base-2-background-color has-background is-layout-flow wp-block-column-is-layout-flow\">\n<div class=\"wp-block-group has-global-padding is-layout-constrained wp-block-group-is-layout-constrained\">\n<h5 class=\"wp-block-heading has-text-align-center has-border-color has-base-2-border-color has-gilroy-font-family\" style=\"border-width:30px;font-size:clamp(18.959px, 1.185rem + ((1vw - 3.2px) * 1.15), 30px);line-height:1.4\">Alle Angebote<br>auf einen Blick.<\/h5>\n\n\n\n<div class=\"wp-block-buttons is-content-justification-center is-layout-flex wp-container-core-buttons-is-layout-72caf8c6 wp-block-buttons-is-layout-flex\">\n<div class=\"wp-block-button is-style-fill\"><a class=\"wp-block-button__link has-system-sans-serif-font-family has-custom-font-size wp-element-button\" href=\"https:\/\/antigewalt-ausbildung.de\/index.php\/fortbildungen-weiterbildungen\/\" style=\"border-style:none;border-width:0px;border-radius:50px;padding-top:15px;padding-right:30px;padding-bottom:15px;padding-left:30px;font-size:12px;text-transform:uppercase\">Zur \u00dcbersicht<\/a><\/div>\n<\/div>\n\n\n\n<div style=\"height:35px\" aria-hidden=\"true\" class=\"wp-block-spacer\"><\/div>\n<\/div>\n<\/div>\n\n\n\n<div class=\"wp-block-column has-base-2-background-color has-background is-layout-flow wp-block-column-is-layout-flow\">\n<div class=\"wp-block-group has-global-padding is-layout-constrained wp-block-group-is-layout-constrained\">\n<h5 class=\"wp-block-heading has-text-align-center has-border-color has-base-2-border-color has-gilroy-font-family\" style=\"border-width:30px;font-size:clamp(18.959px, 1.185rem + ((1vw - 3.2px) * 1.15), 30px);line-height:1.4\">Folgen Sie uns<br>auf Facebook.<\/h5>\n\n\n\n<div class=\"wp-block-buttons is-content-justification-center is-layout-flex wp-container-core-buttons-is-layout-72caf8c6 wp-block-buttons-is-layout-flex\">\n<div class=\"wp-block-button\"><a class=\"wp-block-button__link has-custom-font-size wp-element-button\" href=\"https:\/\/www.facebook.com\/DeeskalationHS\/?hc_ref=ARQquWHCGOLPCm8VW4tQ0c_G7kHz4VQcMiZkfiSjtUtLBbefrLMfqv0SaGhtrDdMYbM&amp;fref=nf\" style=\"border-radius:50px;padding-top:15px;padding-right:30px;padding-bottom:15px;padding-left:30px;font-size:12px;text-transform:uppercase\">Zu Facebook wechseln<\/a><\/div>\n<\/div>\n\n\n\n<div style=\"height:35px\" aria-hidden=\"true\" class=\"wp-block-spacer\"><\/div>\n<\/div>\n<\/div>\n<\/div>\n\n\n\n<div style=\"height:35px\" aria-hidden=\"true\" class=\"wp-block-spacer\"><\/div>\n<\/div>\n\n\n\n<div class=\"wp-block-group has-global-padding is-layout-constrained wp-container-core-group-is-layout-da604d14 wp-block-group-is-layout-constrained\" style=\"padding-top:0;padding-right:0;padding-bottom:0;padding-left:0\">\n<div class=\"wp-block-group alignfull has-global-padding is-layout-constrained wp-container-core-group-is-layout-669513ed wp-block-group-is-layout-constrained\" style=\"margin-top:0;margin-bottom:0;padding-top:var(--wp--preset--spacing--50);padding-right:var(--wp--preset--spacing--50);padding-bottom:var(--wp--preset--spacing--50);padding-left:var(--wp--preset--spacing--50)\">\n<div class=\"wp-block-columns alignwide is-layout-flex wp-container-core-columns-is-layout-4935966c wp-block-columns-is-layout-flex\" style=\"padding-right:0;padding-left:0\">\n<div class=\"wp-block-column has-accent-5-background-color has-background is-layout-flow wp-block-column-is-layout-flow\">\n<figure class=\"wp-block-image aligncenter size-full is-style-default\"><img loading=\"lazy\" decoding=\"async\" width=\"330\" height=\"400\" src=\"https:\/\/antigewalt-ausbildung.de\/wp-content\/uploads\/2025\/08\/ag_holger.jpg\" alt=\"\" class=\"wp-image-105\"\/><\/figure>\n\n\n\n<div class=\"wp-block-group is-vertical is-content-justification-center is-nowrap is-layout-flex wp-container-core-group-is-layout-af620a75 wp-block-group-is-layout-flex\" style=\"padding-right:30px;padding-left:30px\">\n<p class=\"has-text-align-center has-roboto-font-family\" style=\"font-size:clamp(14px, 0.875rem + ((1vw - 3.2px) * 0.208), 16px);text-transform:uppercase\"><strong>Holger Schlafhorst<\/strong><\/p>\n\n\n\n<p class=\"has-text-align-center has-contrast-3-color has-text-color has-link-color has-roboto-font-family wp-elements-d2c2662e1d1083cf506ff50fdf6c96c5\" style=\"font-size:12px;font-style:normal;font-weight:300;line-height:1.8;text-transform:uppercase\">Sprachwissenschaftler, M.A, K\u00f6rpersprache- und Kommunikationstrainer, Antigewalt- und Deeskalationstrainer, Schauspieler, Theaterp\u00e4dagoge, Fachbuchautor<\/p>\n\n\n\n<ul class=\"wp-block-social-links is-layout-flex wp-block-social-links-is-layout-flex\"><li class=\"wp-social-link wp-social-link-mail  wp-block-social-link\"><a href=\"mailto:in&#102;&#111;&#064;&#104;&#111;l&#103;er&#045;&#115;chlaf&#104;or&#115;t.&#100;e\" class=\"wp-block-social-link-anchor\"><svg width=\"24\" height=\"24\" viewBox=\"0 0 24 24\" version=\"1.1\" xmlns=\"http:\/\/www.w3.org\/2000\/svg\" aria-hidden=\"true\" focusable=\"false\"><path d=\"M19,5H5c-1.1,0-2,.9-2,2v10c0,1.1.9,2,2,2h14c1.1,0,2-.9,2-2V7c0-1.1-.9-2-2-2zm.5,12c0,.3-.2.5-.5.5H5c-.3,0-.5-.2-.5-.5V9.8l7.5,5.6,7.5-5.6V17zm0-9.1L12,13.6,4.5,7.9V7c0-.3.2-.5.5-.5h14c.3,0,.5.2.5.5v.9z\"><\/path><\/svg><span class=\"wp-block-social-link-label screen-reader-text\">E-Mail<\/span><\/a><\/li><\/ul>\n<\/div>\n<\/div>\n\n\n\n<div class=\"wp-block-column has-accent-5-background-color has-background is-layout-flow wp-block-column-is-layout-flow\">\n<figure class=\"wp-block-image aligncenter size-full is-style-default\"><img loading=\"lazy\" decoding=\"async\" width=\"330\" height=\"400\" src=\"https:\/\/antigewalt-ausbildung.de\/wp-content\/uploads\/2025\/08\/ag_marie.jpg\" alt=\"\" class=\"wp-image-107\"\/><\/figure>\n\n\n\n<div class=\"wp-block-group is-vertical is-content-justification-center is-nowrap is-layout-flex wp-container-core-group-is-layout-838fbb38 wp-block-group-is-layout-flex\" style=\"padding-right:30px;padding-left:30px\">\n<p class=\"has-text-align-center has-roboto-font-family\" style=\"font-size:clamp(14px, 0.875rem + ((1vw - 3.2px) * 0.208), 16px);text-transform:uppercase\"><strong>Marie Dinger<\/strong><\/p>\n\n\n\n<p class=\"has-text-align-center has-contrast-3-color has-text-color has-link-color has-roboto-font-family wp-elements-ccb0dbd9806e13c1d605f080e99ca983\" style=\"font-size:12px;font-style:normal;font-weight:300;line-height:1.8;text-transform:uppercase\">Schauspielerin, M.A, Gewaltfreie Kommunikation, Achtsamkeit, Administration<\/p>\n<\/div>\n<\/div>\n\n\n\n<div class=\"wp-block-column has-accent-5-background-color has-background is-layout-flow wp-block-column-is-layout-flow\">\n<figure class=\"wp-block-image aligncenter size-full is-style-default\"><img loading=\"lazy\" decoding=\"async\" width=\"330\" height=\"400\" src=\"https:\/\/antigewalt-ausbildung.de\/wp-content\/uploads\/2025\/08\/ag_carsten.jpg\" alt=\"\" class=\"wp-image-104\"\/><\/figure>\n\n\n\n<div class=\"wp-block-group is-vertical is-content-justification-center is-nowrap is-layout-flex wp-container-core-group-is-layout-af620a75 wp-block-group-is-layout-flex\" style=\"padding-right:30px;padding-left:30px\">\n<p class=\"has-text-align-center\" style=\"font-size:clamp(14px, 0.875rem + ((1vw - 3.2px) * 0.208), 16px);text-transform:uppercase\"><strong>Carsten Joiko<\/strong><\/p>\n\n\n\n<p class=\"has-text-align-center has-contrast-3-color has-text-color has-link-color has-roboto-font-family wp-elements-27ce0135f2d7df8e62d65c06ffe1093e\" style=\"font-size:12px;font-style:normal;font-weight:300;line-height:1.8;text-transform:uppercase\">Dipl. Psychologe, Schulpsychologe, Personal- und Organisationsentwickler, Supervisor, Coach<\/p>\n<\/div>\n<\/div>\n<\/div>\n<\/div>\n<\/div>\n\n\n\n<div style=\"height:180px\" aria-hidden=\"true\" class=\"wp-block-spacer\"><\/div>\n\n\n\n<div class=\"wp-block-group has-accent-3-background-color has-background has-global-padding is-layout-constrained wp-block-group-is-layout-constrained\">\n<div style=\"height:35px\" aria-hidden=\"true\" class=\"wp-block-spacer\"><\/div>\n\n\n\n<h3 class=\"wp-block-heading has-base-2-color has-text-color has-link-color has-gilroy-font-family wp-elements-5a9a60511199e58c20d33b5caeff3db8\" style=\"font-size:clamp(26.944px, 1.684rem + ((1vw - 3.2px) * 1.985), 46px);\">Haben Sie Fragen?<\/h3>\n\n\n\n<div style=\"height:35px\" aria-hidden=\"true\" class=\"wp-block-spacer\"><\/div>\n\n\n\n<div class=\"wp-block-columns is-layout-flex wp-container-core-columns-is-layout-28f84493 wp-block-columns-is-layout-flex\">\n<div class=\"wp-block-column is-layout-flow wp-block-column-is-layout-flow\">\n<p class=\"has-base-2-color has-text-color has-link-color has-roboto-font-family wp-elements-71888bf5358fb78acfb2827f44f7e67f\">E-Mail<br><a href=\"mailto:info@holger-schlafhorst.de\">info@holger-schlafhorst.de<\/a><\/p>\n\n\n\n<p class=\"has-base-2-color has-text-color has-link-color has-roboto-font-family wp-elements-931e9fa3865e873fb9c906c9d7368594\">+49 172 404 7803<\/p>\n\n\n\n<p class=\"has-base-2-color has-text-color has-link-color has-roboto-font-family wp-elements-7882342bf62a37c0653714016a14bc2b\">ADRESSE<\/p>\n\n\n\n<p class=\"has-base-2-color has-text-color has-link-color has-roboto-font-family wp-elements-bb5d8c65f09ebc92b0c168a352b1024a\">Hombrucher Stra\u00dfe 41<br>44225 Dortmund<\/p>\n<\/div>\n\n\n\n<div class=\"wp-block-column is-layout-flow wp-block-column-is-layout-flow\"><noscript class=\"ninja-forms-noscript-message\">\n\tHinweis: F\u00fcr diesen Inhalt ist JavaScript erforderlich.<\/noscript>\n<div id=\"nf-form-2-cont\" class=\"nf-form-cont\" aria-live=\"polite\" aria-labelledby=\"nf-form-title-2\" aria-describedby=\"nf-form-errors-2\" role=\"form\">\n\n    <div class=\"nf-loading-spinner\"><\/div>\n\n<\/div>\n        <!-- That data is being printed as a workaround to page builders reordering the order of the scripts loaded-->\n        <script>var formDisplay=1;var nfForms=nfForms||[];var form=[];form.id='2';form.settings={\"objectType\":\"Form Setting\",\"editActive\":true,\"title\":\"Nachricht\",\"show_title\":0,\"allow_public_link\":0,\"embed_form\":\"\",\"clear_complete\":1,\"hide_complete\":1,\"default_label_pos\":\"above\",\"wrapper_class\":\"\",\"element_class\":\"\",\"form_title_heading_level\":\"3\",\"key\":\"\",\"add_submit\":0,\"currency\":\"\",\"unique_field_error\":\"Ein Formular mit diesem Wert wurde bereits eingereicht.\",\"logged_in\":false,\"not_logged_in_msg\":\"\",\"sub_limit_msg\":\"Das Formular hat sein Beitragslimit erreicht.\",\"calculations\":[],\"formContentData\":[\"name_1755178511414\",\"email_1755178418733\",\"nachricht_1755178545894\",\"hiermit_bestaetige_ich_dass_meine_daten_zwecks_anmeldung_gespeichert_werden_duerfen_1755686309248\",\"html_1755686383846\",\"spam_1757400997331\",\"senden_1756293126451\"],\"changeEmailErrorMsg\":\"Bitte gib eine g\\u00fcltige E-Mail-Adresse ein.\",\"changeDateErrorMsg\":\"Bitte gib ein g\\u00fcltiges Datum ein!\",\"confirmFieldErrorMsg\":\"Diese Felder m\\u00fcssen \\u00fcbereinstimmen!\",\"fieldNumberNumMinError\":\"Die eingegebene Zahl ist zu klein.\",\"fieldNumberNumMaxError\":\"Die eingegebene Zahl ist zu gross.\",\"fieldNumberIncrementBy\":\"Bitte erh\\u00f6hen in Schritten von\",\"formErrorsCorrectErrors\":\"Bitte korrigiere die Fehler, bevor du das Formular sendest.\",\"validateRequiredField\":\"Dies ist ein Pflichtfeld.\",\"honeypotHoneypotError\":\"Honeypot-Fehler\",\"fieldsMarkedRequired\":\"Felder mit einem <span class=\\\"ninja-forms-req-symbol\\\">*<\\\/span> sind Pflichtfelder\",\"objectDomain\":\"calculations\",\"drawerDisabled\":false,\"ninjaForms\":\"Ninja Forms\",\"fieldTextareaRTEInsertLink\":\"Link einf\\u00fcgen\",\"fieldTextareaRTEInsertMedia\":\"Medien einf\\u00fcgen\",\"fieldTextareaRTESelectAFile\":\"Eine Datei ausw\\u00e4hlen\",\"formHoneypot\":\"Falls du ein Mensch bist und dieses Feld siehst, dann lasse es bitte leer.\",\"fileUploadOldCodeFileUploadInProgress\":\"Datei-Upload l\\u00e4uft.\",\"fileUploadOldCodeFileUpload\":\"DATEI-UPLOAD\",\"currencySymbol\":false,\"thousands_sep\":\".\",\"decimal_point\":\",\",\"siteLocale\":\"de_DE\",\"dateFormat\":\"m\\\/d\\\/Y\",\"startOfWeek\":\"1\",\"of\":\"von\",\"previousMonth\":\"Vorheriger Monat\",\"nextMonth\":\"N\\u00e4chster Monat\",\"months\":[\"Januar\",\"Februar\",\"M\\u00e4rz\",\"April\",\"Mai\",\"Juni\",\"Juli\",\"August\",\"September\",\"Oktober\",\"November\",\"Dezember\"],\"monthsShort\":[\"Jan\",\"Feb\",\"Mrz\",\"Apr\",\"Mai\",\"Jun\",\"Jul\",\"Aug\",\"Sep\",\"Okt\",\"Nov\",\"Dez\"],\"weekdays\":[\"Sonntag\",\"Montag\",\"Dienstag\",\"Mittwoch\",\"Donnerstag\",\"Freitag\",\"Samstag\"],\"weekdaysShort\":[\"So\",\"Mo\",\"Die\",\"Mi\",\"Do\",\"Fr\",\"Sa\"],\"weekdaysMin\":[\"So.\",\"Mo.\",\"Di.\",\"Mi.\",\"Do.\",\"Fr.\",\"Sa.\"],\"recaptchaConsentMissing\":\"reCaptcha validation couldn&#039;t load.\",\"recaptchaMissingCookie\":\"reCaptcha v3 validation couldn&#039;t load the cookie needed to submit the form.\",\"recaptchaConsentEvent\":\"Accept reCaptcha cookies before sending the form.\",\"currency_symbol\":\"\",\"beforeForm\":\"\",\"beforeFields\":\"\",\"afterFields\":\"\",\"afterForm\":\"\"};form.fields=[{\"objectType\":\"Field\",\"objectDomain\":\"fields\",\"editActive\":false,\"order\":1,\"idAttribute\":\"id\",\"label\":\"Name\",\"type\":\"firstname\",\"key\":\"name_1755178511414\",\"label_pos\":\"above\",\"required\":1,\"default\":\"\",\"placeholder\":\"\",\"container_class\":\"\",\"element_class\":\"\",\"admin_label\":\"\",\"help_text\":\"\",\"custom_name_attribute\":\"fname\",\"personally_identifiable\":1,\"value\":\"\",\"drawerDisabled\":false,\"id\":5,\"beforeField\":\"\",\"afterField\":\"\",\"parentType\":\"firstname\",\"element_templates\":[\"firstname\",\"input\"],\"old_classname\":\"\",\"wrap_template\":\"wrap\"},{\"objectType\":\"Field\",\"objectDomain\":\"fields\",\"editActive\":false,\"order\":2,\"idAttribute\":\"id\",\"type\":\"email\",\"label\":\"E-Mail\",\"key\":\"email_1755178418733\",\"label_pos\":\"above\",\"required\":1,\"default\":\"\",\"placeholder\":\"\",\"container_class\":\"\",\"element_class\":\"\",\"admin_label\":\"\",\"help_text\":\"\",\"custom_name_attribute\":\"email\",\"personally_identifiable\":1,\"value\":\"\",\"drawerDisabled\":false,\"id\":6,\"beforeField\":\"\",\"afterField\":\"\",\"parentType\":\"email\",\"element_templates\":[\"email\",\"input\"],\"old_classname\":\"\",\"wrap_template\":\"wrap\"},{\"objectType\":\"Field\",\"objectDomain\":\"fields\",\"editActive\":false,\"order\":3,\"idAttribute\":\"id\",\"type\":\"textarea\",\"label\":\"Nachricht\",\"key\":\"nachricht_1755178545894\",\"label_pos\":\"above\",\"required\":1,\"default\":\"\",\"placeholder\":\"\",\"container_class\":\"\",\"element_class\":\"\",\"input_limit\":\"\",\"input_limit_type\":\"characters\",\"input_limit_msg\":\"verbleibende(s) Zeichen\",\"manual_key\":false,\"admin_label\":\"\",\"help_text\":\"\",\"textarea_rte\":0,\"disable_rte_mobile\":\"\",\"textarea_media\":\"\",\"value\":\"\",\"drawerDisabled\":false,\"id\":7,\"beforeField\":\"\",\"afterField\":\"\",\"parentType\":\"textarea\",\"element_templates\":[\"textarea\",\"input\"],\"old_classname\":\"\",\"wrap_template\":\"wrap\"},{\"objectType\":\"Field\",\"objectDomain\":\"fields\",\"editActive\":false,\"order\":4,\"idAttribute\":\"id\",\"type\":\"checkbox\",\"label\":\"Hiermit best\\u00e4tige ich, dass meine Daten zwecks Anmeldung gespeichert werden d\\u00fcrfen.\",\"key\":\"hiermit_bestaetige_ich_dass_meine_daten_zwecks_anmeldung_gespeichert_werden_duerfen_1755686309248\",\"label_pos\":\"right\",\"required\":1,\"container_class\":\"\",\"element_class\":\"\",\"manual_key\":false,\"admin_label\":\"\",\"help_text\":\"\",\"default_value\":\"unchecked\",\"checked_value\":\"Ausgew\\u00e4hlt\",\"unchecked_value\":\"Nicht ausgew\\u00e4hlt\",\"checked_calc_value\":\"\",\"unchecked_calc_value\":\"\",\"drawerDisabled\":false,\"id\":34,\"beforeField\":\"\",\"afterField\":\"\",\"value\":\"\",\"parentType\":\"checkbox\",\"element_templates\":[\"checkbox\",\"input\"],\"old_classname\":\"\",\"wrap_template\":\"wrap\"},{\"objectType\":\"Field\",\"objectDomain\":\"fields\",\"editActive\":false,\"order\":5,\"idAttribute\":\"id\",\"type\":\"html\",\"label\":\"HTML\",\"default\":\"<p>Um Ihre Nachricht verarbeiten zu k\\u00f6nnen werden Ihre Daten gem\\u00e4\\u00df deutscher Datenschutzgesetze gespeichert. Sie k\\u00f6nnen unsere Datenschutzbestimmungen&nbsp;<a href=\\\"https:\\\/\\\/antigewalt-ausbildung.de\\\/index.php\\\/datenschutz\\\/\\\" style=\\\"color: rgb(35, 82, 124); background-color: rgb(249, 249, 249); text-decoration: underline; font-family: sans-serif; font-weight: 400;\\\">hier<\\\/a>&nbsp;nachlesen.<\\\/p>\",\"container_class\":\"\",\"element_class\":\"\",\"admin_label\":\"\",\"key\":\"html_1755686383846\",\"drawerDisabled\":false,\"id\":35,\"beforeField\":\"\",\"afterField\":\"\",\"value\":\"<p>Um Ihre Nachricht verarbeiten zu k\\u00f6nnen werden Ihre Daten gem\\u00e4\\u00df deutscher Datenschutzgesetze gespeichert. Sie k\\u00f6nnen unsere Datenschutzbestimmungen&nbsp;<a href=\\\"https:\\\/\\\/antigewalt-ausbildung.de\\\/index.php\\\/datenschutz\\\/\\\" style=\\\"color: rgb(35, 82, 124); background-color: rgb(249, 249, 249); text-decoration: underline; font-family: sans-serif; font-weight: 400;\\\">hier<\\\/a>&nbsp;nachlesen.<\\\/p>\",\"label_pos\":\"above\",\"parentType\":\"html\",\"element_templates\":[\"html\",\"input\"],\"old_classname\":\"\",\"wrap_template\":\"wrap\"},{\"objectType\":\"Field\",\"objectDomain\":\"fields\",\"editActive\":false,\"order\":6,\"idAttribute\":\"id\",\"type\":\"spam\",\"label\":\"Was ergibt 12+8?\",\"key\":\"spam_1757400997331\",\"label_pos\":\"above\",\"required\":1,\"default\":\"\",\"placeholder\":\"\",\"container_class\":\"\",\"element_class\":\"\",\"input_limit\":\"\",\"input_limit_type\":\"characters\",\"input_limit_msg\":\"verbleibende(s) Zeichen\",\"manual_key\":true,\"admin_label\":\"\",\"help_text\":\"\",\"spam_answer\":20,\"value\":\"\",\"drawerDisabled\":false,\"id\":37,\"beforeField\":\"\",\"afterField\":\"\",\"parentType\":\"spam\",\"element_templates\":[\"textbox\",\"input\"],\"old_classname\":\"\",\"wrap_template\":\"wrap\"},{\"objectType\":\"Field\",\"objectDomain\":\"fields\",\"editActive\":false,\"order\":7,\"idAttribute\":\"id\",\"type\":\"submit\",\"label\":\"Senden\",\"processing_label\":\"Wird verarbeitet\",\"container_class\":\"\",\"element_class\":\"\",\"key\":\"senden_1756293126451\",\"admin_label\":\"\",\"drawerDisabled\":false,\"id\":9,\"beforeField\":\"\",\"afterField\":\"\",\"value\":\"\",\"label_pos\":\"above\",\"parentType\":\"textbox\",\"element_templates\":[\"submit\",\"button\",\"input\"],\"old_classname\":\"\",\"wrap_template\":\"wrap-no-label\"}];nfForms.push(form);<\/script>\n        <\/div>\n<\/div>\n<\/div>\n<\/div>\n","protected":false},"excerpt":{"rendered":"<p>Ausbildungzum Trainer f\u00fcr Gewaltpr\u00e4vention(Zertifikat) Fortbildung Antigewalt-Trainer*in (Zertifikat) Antigewalt-Training f\u00fcr Jugendliche nach \u00a710 JGG Alle Angeboteauf einen Blick. Folgen Sie unsauf Facebook. Holger Schlafhorst Sprachwissenschaftler, M.A, K\u00f6rpersprache- und Kommunikationstrainer, Antigewalt- und Deeskalationstrainer, Schauspieler, Theaterp\u00e4dagoge, Fachbuchautor Marie Dinger Schauspielerin, M.A, Gewaltfreie Kommunikation, Achtsamkeit, Administration Carsten Joiko Dipl. Psychologe, Schulpsychologe, Personal- und Organisationsentwickler, Supervisor, Coach<\/p>\n","protected":false},"author":1,"featured_media":0,"parent":0,"menu_order":0,"comment_status":"closed","ping_status":"closed","template":"","meta":{"footnotes":""},"class_list":["post-6","page","type-page","status-publish","hentry"],"_links":{"self":[{"href":"https:\/\/antigewalt-ausbildung.de\/index.php\/wp-json\/wp\/v2\/pages\/6","targetHints":{"allow":["GET"]}}],"collection":[{"href":"https:\/\/antigewalt-ausbildung.de\/index.php\/wp-json\/wp\/v2\/pages"}],"about":[{"href":"https:\/\/antigewalt-ausbildung.de\/index.php\/wp-json\/wp\/v2\/types\/page"}],"author":[{"embeddable":true,"href":"https:\/\/antigewalt-ausbildung.de\/index.php\/wp-json\/wp\/v2\/users\/1"}],"replies":[{"embeddable":true,"href":"https:\/\/antigewalt-ausbildung.de\/index.php\/wp-json\/wp\/v2\/comments?post=6"}],"version-history":[{"count":119,"href":"https:\/\/antigewalt-ausbildung.de\/index.php\/wp-json\/wp\/v2\/pages\/6\/revisions"}],"predecessor-version":[{"id":586,"href":"https:\/\/antigewalt-ausbildung.de\/index.php\/wp-json\/wp\/v2\/pages\/6\/revisions\/586"}],"wp:attachment":[{"href":"https:\/\/antigewalt-ausbildung.de\/index.php\/wp-json\/wp\/v2\/media?parent=6"}],"curies":[{"name":"wp","href":"https:\/\/api.w.org\/{rel}","templated":true}]}}